{"id":1985,"date":"2021-10-06T13:28:19","date_gmt":"2021-10-06T13:28:19","guid":{"rendered":"http:\/\/localhost\/machic\/?page_id=1985"},"modified":"2026-05-11T20:34:08","modified_gmt":"2026-05-11T18:34:08","slug":"contact","status":"publish","type":"page","link":"https:\/\/ahmssarinfo.ma\/index.php\/contact\/","title":{"rendered":"Contact"},"content":{"rendered":"\t\t<div data-elementor-type=\"wp-page\" data-elementor-id=\"1985\" class=\"elementor elementor-1985\">\n\t\t\t\t<div class=\"elementor-element elementor-element-7d24825 e-con-full e-flex e-con e-parent\" data-id=\"7d24825\" data-element_type=\"container\" data-e-type=\"container\">\n\t\t\t\t<div class=\"elementor-element elementor-element-6eca740 elementor-widget elementor-widget-html\" data-id=\"6eca740\" data-element_type=\"widget\" data-e-type=\"widget\" data-widget_type=\"html.default\">\n\t\t\t\t\t<iframe src=\"https:\/\/www.google.com\/maps\/embed?pb=!1m18!1m12!1m3!1d3305.4054026840436!2d-5.031459000000001!3d34.059120500000006!2m3!1f0!2f0!3f0!3m2!1i1024!2i768!4f13.1!3m3!1m2!1s0xd9ff530fe9cc06d%3A0xd43ad4e46f68ca7a!2sAHMSSAR%20INFO%20IPTV!5e0!3m2!1sen!2sma!4v1778453524346!5m2!1sen!2sma\" width=\"600\" height=\"450\" style=\"border:0;\" allowfullscreen=\"\" loading=\"lazy\" referrerpolicy=\"no-referrer-when-downgrade\"><\/iframe>\t\t\t\t<\/div>\n\t\t\t\t<\/div>\n\t\t\t\t<section class=\"elementor-section elementor-top-section elementor-element elementor-element-677addc elementor-section-boxed elementor-section-height-default elementor-section-height-default\" data-id=\"677addc\" data-element_type=\"section\" data-e-type=\"section\">\n\t\t\t\t\t\t<div class=\"elementor-container elementor-column-gap-extended\">\n\t\t\t\t\t<div class=\"elementor-column elementor-col-100 elementor-top-column elementor-element elementor-element-45b25de\" data-id=\"45b25de\" data-element_type=\"column\" data-e-type=\"column\">\n\t\t\t<div class=\"elementor-widget-wrap elementor-element-populated\">\n\t\t\t\t\t\t<div class=\"elementor-element elementor-element-58f7dcf elementor-widget elementor-widget-machic-custom-title\" data-id=\"58f7dcf\" data-element_type=\"widget\" data-e-type=\"widget\" data-widget_type=\"machic-custom-title.default\">\n\t\t\t\t<div class=\"elementor-widget-container\">\n\t\t\t\t\t<div class=\"site-module module-title small\"><h4 class=\"entry-subtitle\">Vous pouvez nous poser toutes vos questions !<\/h4><h1 class=\"entry-title\">Contactez-nous pour toutes vos questions, demandes d\u2019informations ou avis. Notre \u00e9quipe est \u00e0 votre disposition pour vous accompagner et vous apporter des solutions rapides et efficaces gr\u00e2ce \u00e0 nos diff\u00e9rents moyens de contact.<\/h1><\/div><!-- site-module -->\t\t\t\t<\/div>\n\t\t\t\t<\/div>\n\t\t\t\t\t<\/div>\n\t\t<\/div>\n\t\t\t\t\t<\/div>\n\t\t<\/section>\n\t\t\t\t<section class=\"elementor-section elementor-top-section elementor-element elementor-element-b487132 elementor-section-boxed elementor-section-height-default elementor-section-height-default\" data-id=\"b487132\" data-element_type=\"section\" data-e-type=\"section\">\n\t\t\t\t\t\t<div class=\"elementor-container elementor-column-gap-extended\">\n\t\t\t\t\t<div class=\"elementor-column elementor-col-50 elementor-top-column elementor-element elementor-element-e0be4f4\" data-id=\"e0be4f4\" data-element_type=\"column\" data-e-type=\"column\">\n\t\t\t<div class=\"elementor-widget-wrap elementor-element-populated\">\n\t\t\t\t\t\t<div class=\"elementor-element elementor-element-52f9fd2 elementor-widget elementor-widget-machic-address-box\" data-id=\"52f9fd2\" data-element_type=\"widget\" data-e-type=\"widget\" data-widget_type=\"machic-address-box.default\">\n\t\t\t\t<div class=\"elementor-widget-container\">\n\t\t\t\t\t<div class=\"address-detail\"><span class=\"country\">F\u00e8s, Maroc<\/span><h5 class=\"address-title\">Ahemssar Info<\/h5><p class=\"address\">\ud83d\udccd 37 Rue 28, Oued F\u00e8s \u2013 F\u00e8s, Maroc<\/p><p class=\"phone\"><a href=\"tel:\ud83d\udcde +212614210662 | +212 700177735 | +212 535700615 | \">\ud83d\udcde +212614210662 | +212 700177735 | +212 535700615 | <\/a><\/p><p class=\"email\"><a href=\"mailto:contact@ahmssarinfo.ma\">contact@ahmssarinfo.ma<\/a><\/p><\/div><!-- address-detail -->\t\t\t\t<\/div>\n\t\t\t\t<\/div>\n\t\t\t\t\t<\/div>\n\t\t<\/div>\n\t\t\t\t<div class=\"elementor-column elementor-col-50 elementor-top-column elementor-element elementor-element-1d9a975\" data-id=\"1d9a975\" data-element_type=\"column\" data-e-type=\"column\">\n\t\t\t<div class=\"elementor-widget-wrap elementor-element-populated\">\n\t\t\t\t\t\t<div class=\"elementor-element elementor-element-7e65dca elementor-widget elementor-widget-text-editor\" data-id=\"7e65dca\" data-element_type=\"widget\" data-e-type=\"widget\" data-widget_type=\"text-editor.default\">\n\t\t\t\t\t\t\t\t\t<p><strong>Notre \u00e9quipe est \u00e0 votre service:<\/strong><\/p><p>Du lundi au dimanche: de <span style=\"color: #0000ff;\">9:30h \u00e0 22h<\/span><br \/>Vendredi: de <span style=\"color: #0000ff;\">16h \u00e0 22h<\/span><\/p>\t\t\t\t\t\t\t\t<\/div>\n\t\t\t\t\t<\/div>\n\t\t<\/div>\n\t\t\t\t\t<\/div>\n\t\t<\/section>\n\t\t\t\t<section class=\"elementor-section elementor-top-section elementor-element elementor-element-187d03f elementor-section-boxed elementor-section-height-default elementor-section-height-default\" data-id=\"187d03f\" data-element_type=\"section\" data-e-type=\"section\">\n\t\t\t\t\t\t<div class=\"elementor-container elementor-column-gap-extended\">\n\t\t\t\t\t<div class=\"elementor-column elementor-col-33 elementor-top-column elementor-element elementor-element-62d71e4\" data-id=\"62d71e4\" data-element_type=\"column\" data-e-type=\"column\">\n\t\t\t<div class=\"elementor-widget-wrap elementor-element-populated\">\n\t\t\t\t\t\t<div class=\"elementor-element elementor-element-71fe4e1 elementor-widget elementor-widget-image\" data-id=\"71fe4e1\" data-element_type=\"widget\" data-e-type=\"widget\" data-widget_type=\"image.default\">\n\t\t\t\t\t\t\t\t\t\t\t\t\t\t\t<img fetchpriority=\"high\" decoding=\"async\" width=\"1200\" height=\"1200\" src=\"https:\/\/ahmssarinfo.ma\/wp-content\/uploads\/2021\/10\/contact-1.jpg\" class=\"attachment-full size-full wp-image-2004\" alt=\"\" srcset=\"https:\/\/ahmssarinfo.ma\/wp-content\/uploads\/2021\/10\/contact-1.jpg 1200w, https:\/\/ahmssarinfo.ma\/wp-content\/uploads\/2021\/10\/contact-1-90x90.jpg 90w, https:\/\/ahmssarinfo.ma\/wp-content\/uploads\/2021\/10\/contact-1-54x54.jpg 54w, https:\/\/ahmssarinfo.ma\/wp-content\/uploads\/2021\/10\/contact-1-600x600.jpg 600w, https:\/\/ahmssarinfo.ma\/wp-content\/uploads\/2021\/10\/contact-1-300x300.jpg 300w, https:\/\/ahmssarinfo.ma\/wp-content\/uploads\/2021\/10\/contact-1-1024x1024.jpg 1024w, https:\/\/ahmssarinfo.ma\/wp-content\/uploads\/2021\/10\/contact-1-150x150.jpg 150w, https:\/\/ahmssarinfo.ma\/wp-content\/uploads\/2021\/10\/contact-1-768x768.jpg 768w, https:\/\/ahmssarinfo.ma\/wp-content\/uploads\/2021\/10\/contact-1-450x450.jpg 450w\" sizes=\"(max-width: 1200px) 100vw, 1200px\" \/>\t\t\t\t\t\t\t\t\t\t\t\t\t\t\t<\/div>\n\t\t\t\t\t<\/div>\n\t\t<\/div>\n\t\t\t\t<div class=\"elementor-column elementor-col-33 elementor-top-column elementor-element elementor-element-e2c097e elementor-hidden-tablet elementor-hidden-mobile\" data-id=\"e2c097e\" data-element_type=\"column\" data-e-type=\"column\">\n\t\t\t<div class=\"elementor-widget-wrap\">\n\t\t\t\t\t\t\t<\/div>\n\t\t<\/div>\n\t\t\t\t<div class=\"elementor-column elementor-col-33 elementor-top-column elementor-element elementor-element-fa6036d\" data-id=\"fa6036d\" data-element_type=\"column\" data-e-type=\"column\">\n\t\t\t<div class=\"elementor-widget-wrap elementor-element-populated\">\n\t\t\t\t\t\t<div class=\"elementor-element elementor-element-4178a16 elementor-widget elementor-widget-machic-contact-form-7\" data-id=\"4178a16\" data-element_type=\"widget\" data-e-type=\"widget\" data-widget_type=\"machic-contact-form-7.default\">\n\t\t\t\t<div class=\"elementor-widget-container\">\n\t\t\t\t\t<div class=\"contact-form\"><h3 class=\"entry-title\">Contactez-nous<\/h3><p><\/p>\n<div class=\"wpcf7 no-js\" id=\"wpcf7-f2012-o1\" lang=\"en-US\" dir=\"ltr\" data-wpcf7-id=\"2012\">\n<div class=\"screen-reader-response\"><p role=\"status\" aria-live=\"polite\" aria-atomic=\"true\"><\/p> <ul><\/ul><\/div>\n<form action=\"\/index.php\/wp-json\/wp\/v2\/pages\/1985#wpcf7-f2012-o1\" method=\"post\" class=\"wpcf7-form init\" aria-label=\"Contact form\" novalidate=\"novalidate\" data-status=\"init\">\n<fieldset class=\"hidden-fields-container\"><input type=\"hidden\" name=\"_wpcf7\" value=\"2012\" \/><input type=\"hidden\" name=\"_wpcf7_version\" value=\"6.1.5\" \/><input type=\"hidden\" name=\"_wpcf7_locale\" value=\"en_US\" \/><input type=\"hidden\" name=\"_wpcf7_unit_tag\" value=\"wpcf7-f2012-o1\" \/><input type=\"hidden\" name=\"_wpcf7_container_post\" value=\"0\" \/><input type=\"hidden\" name=\"_wpcf7_posted_data_hash\" value=\"\" \/>\n<\/fieldset>\n<div class=\"row\">\n\t<div class=\"col-12 col-lg-6\">\n\t\t<p><label> Your name * <\/label><br \/>\n<span class=\"wpcf7-form-control-wrap\" data-name=\"your-name\"><input size=\"40\" maxlength=\"400\" class=\"wpcf7-form-control wpcf7-text wpcf7-validates-as-required\" aria-required=\"true\" aria-invalid=\"false\" value=\"\" type=\"text\" name=\"your-name\" \/><\/span>\n\t\t<\/p>\n\t<\/div>\n\t<div class=\"col-12 col-lg-6\">\n\t\t<p><label> Your email *<\/label><br \/>\n<span class=\"wpcf7-form-control-wrap\" data-name=\"your-email\"><input size=\"40\" maxlength=\"400\" class=\"wpcf7-form-control wpcf7-email wpcf7-validates-as-required wpcf7-text wpcf7-validates-as-email\" aria-required=\"true\" aria-invalid=\"false\" value=\"\" type=\"email\" name=\"your-email\" \/><\/span>\n\t\t<\/p>\n\t<\/div>\n\t<div class=\"col-12 col-lg-12\">\n\t\t<p><label> Subject * <\/label><br \/>\n<span class=\"wpcf7-form-control-wrap\" data-name=\"your-subject\"><input size=\"40\" maxlength=\"400\" class=\"wpcf7-form-control wpcf7-text wpcf7-validates-as-required\" aria-required=\"true\" aria-invalid=\"false\" value=\"\" type=\"text\" name=\"your-subject\" \/><\/span>\n\t\t<\/p>\n\t<\/div>\n\t<div class=\"col-12 col-lg-12\">\n\t\t<p><label> Your message <\/label><br \/>\n<span class=\"wpcf7-form-control-wrap\" data-name=\"your-message\"><textarea cols=\"40\" rows=\"10\" maxlength=\"2000\" class=\"wpcf7-form-control wpcf7-textarea\" aria-invalid=\"false\" name=\"your-message\"><\/textarea><\/span>\n\t\t<\/p>\n\t<\/div>\n\t<div class=\"col-12 col-lg-12\">\n\t\t<p><input class=\"wpcf7-form-control wpcf7-submit has-spinner\" type=\"submit\" value=\"Send Message\" \/>\n\t\t<\/p>\n\t<\/div>\n<\/div><div class=\"wpcf7-response-output\" aria-hidden=\"true\"><\/div>\n<\/form>\n<\/div>\n<\/div><!-- contact-form -->\t\t\t\t<\/div>\n\t\t\t\t<\/div>\n\t\t\t\t\t<\/div>\n\t\t<\/div>\n\t\t\t\t\t<\/div>\n\t\t<\/section>\n\t\t\t\t<\/div>\n\t\t","protected":false},"excerpt":{"rendered":"<p>Vous pouvez nous poser toutes vos questions ! Contactez-nous pour toutes vos questions, demandes d\u2019informations ou avis. Notre \u00e9quipe est \u00e0 votre disposition pour vous accompagner et vous apporter des solutions rapides et efficaces gr\u00e2ce \u00e0 nos diff\u00e9rents moyens de contact. F\u00e8s, Maroc Ahemssar Info \ud83d\udccd 37 Rue 28, Oued F\u00e8s \u2013 F\u00e8s, Maroc \ud83d\udcde<\/p>\n<div class=\"klb-readmore entry-button\"><a class=\"btn read-more\" href=\"https:\/\/ahmssarinfo.ma\/index.php\/contact\/\">Lire la suite<\/a><\/div>\n","protected":false},"author":1,"featured_media":0,"parent":0,"menu_order":0,"comment_status":"closed","ping_status":"closed","template":"","meta":{"footnotes":""},"class_list":["post-1985","page","type-page","status-publish","hentry"],"_links":{"self":[{"href":"https:\/\/ahmssarinfo.ma\/index.php\/wp-json\/wp\/v2\/pages\/1985","targetHints":{"allow":["GET"]}}],"collection":[{"href":"https:\/\/ahmssarinfo.ma\/index.php\/wp-json\/wp\/v2\/pages"}],"about":[{"href":"https:\/\/ahmssarinfo.ma\/index.php\/wp-json\/wp\/v2\/types\/page"}],"author":[{"embeddable":true,"href":"https:\/\/ahmssarinfo.ma\/index.php\/wp-json\/wp\/v2\/users\/1"}],"replies":[{"embeddable":true,"href":"https:\/\/ahmssarinfo.ma\/index.php\/wp-json\/wp\/v2\/comments?post=1985"}],"version-history":[{"count":16,"href":"https:\/\/ahmssarinfo.ma\/index.php\/wp-json\/wp\/v2\/pages\/1985\/revisions"}],"predecessor-version":[{"id":2989,"href":"https:\/\/ahmssarinfo.ma\/index.php\/wp-json\/wp\/v2\/pages\/1985\/revisions\/2989"}],"wp:attachment":[{"href":"https:\/\/ahmssarinfo.ma\/index.php\/wp-json\/wp\/v2\/media?parent=1985"}],"curies":[{"name":"wp","href":"https:\/\/api.w.org\/{rel}","templated":true}]}}